{"id":398,"date":"2025-10-27T14:14:54","date_gmt":"2025-10-27T14:14:54","guid":{"rendered":"https:\/\/kappelrodeckwebcam.de\/?page_id=398"},"modified":"2025-11-21T09:45:03","modified_gmt":"2025-11-21T09:45:03","slug":"neue-seite","status":"publish","type":"page","link":"https:\/\/kappelrodeckwebcam.de\/?page_id=398","title":{"rendered":"Blick auf Kappelrodeck und Kirche"},"content":{"rendered":"\n<div class=\"wp-block-group alignfull has-global-padding is-layout-constrained wp-container-core-group-is-layout-490fa1db wp-block-group-is-layout-constrained\" style=\"padding-top:var(--wp--preset--spacing--50);padding-right:var(--wp--preset--spacing--50);padding-bottom:var(--wp--preset--spacing--50);padding-left:var(--wp--preset--spacing--50)\">\n<div class=\"wp-block-group has-global-padding is-layout-constrained wp-container-core-group-is-layout-650790e1 wp-block-group-is-layout-constrained\">\n<h1 class=\"wp-block-heading has-text-align-center has-x-large-font-size\">Testbild<\/h1>\n\n\n\n<div style=\"height:1.25rem\" aria-hidden=\"true\" class=\"wp-block-spacer\"><\/div>\n\n\n\n<p class=\"has-text-align-center\">\u00c9tudes ist ein bahnbrechendes Unternehmen, das Kreativit\u00e4t und Funktionalit\u00e4t nahtlos miteinander verbindet, um architektonische Spitzenleistungen neu zu definieren.<\/p>\n\n\n\n<div style=\"height:1.25rem\" aria-hidden=\"true\" class=\"wp-block-spacer\"><\/div>\n\n\n\n<div class=\"wp-block-buttons is-content-justification-center is-layout-flex wp-container-core-buttons-is-layout-a89b3969 wp-block-buttons-is-layout-flex\">\n<div class=\"wp-block-button\"><a class=\"wp-block-button__link wp-element-button\">\u00dcber uns<\/a><\/div>\n<\/div>\n<\/div>\n\n\n\n<div style=\"height:var(--wp--preset--spacing--30)\" aria-hidden=\"true\" class=\"wp-block-spacer\"><\/div>\n\n\n\n<figure class=\"wp-block-gallery alignwide has-nested-images columns-default is-cropped wp-block-gallery-2 is-layout-flex wp-block-gallery-is-layout-flex\">\n<figure class=\"wp-block-image alignwide size-full is-style-rounded is-style-rounded--1\"><a href=\"https:\/\/kappelrodeckwebcam.de\/?page_id=434\" target=\"_blank\" rel=\" noreferrer noopener\"><img decoding=\"async\" src=\"https:\/\/kappelrodeckwebcam.de\/wp-content\/themes\/twentytwentyfour\/assets\/images\/building-exterior.webp\" alt=\"\u00c4u\u00dferes Geb\u00e4ude in Toronto, Kanada\"\/><\/a><\/figure>\n<\/figure>\n<\/div>\n\n\n\n<div class=\"wp-block-group alignfull has-base-2-background-color has-background has-global-padding is-layout-constrained wp-container-core-group-is-layout-669513ed wp-block-group-is-layout-constrained\" style=\"margin-top:0;margin-bottom:0;padding-top:var(--wp--preset--spacing--50);padding-right:var(--wp--preset--spacing--50);padding-bottom:var(--wp--preset--spacing--50);padding-left:var(--wp--preset--spacing--50)\"><\/div>\n\n\n\n<p><\/p>\n","protected":false},"excerpt":{"rendered":"<p>Testbild \u00c9tudes ist ein bahnbrechendes Unternehmen, das Kreativit\u00e4t und Funktionalit\u00e4t nahtlos miteinander verbindet, um architektonische Spitzenleistungen neu zu definieren.<\/p>\n","protected":false},"author":1,"featured_media":0,"parent":0,"menu_order":0,"comment_status":"closed","ping_status":"closed","template":"","meta":{"footnotes":""},"class_list":["post-398","page","type-page","status-publish","hentry"],"_links":{"self":[{"href":"https:\/\/kappelrodeckwebcam.de\/index.php?rest_route=\/wp\/v2\/pages\/398","targetHints":{"allow":["GET"]}}],"collection":[{"href":"https:\/\/kappelrodeckwebcam.de\/index.php?rest_route=\/wp\/v2\/pages"}],"about":[{"href":"https:\/\/kappelrodeckwebcam.de\/index.php?rest_route=\/wp\/v2\/types\/page"}],"author":[{"embeddable":true,"href":"https:\/\/kappelrodeckwebcam.de\/index.php?rest_route=\/wp\/v2\/users\/1"}],"replies":[{"embeddable":true,"href":"https:\/\/kappelrodeckwebcam.de\/index.php?rest_route=%2Fwp%2Fv2%2Fcomments&post=398"}],"version-history":[{"count":9,"href":"https:\/\/kappelrodeckwebcam.de\/index.php?rest_route=\/wp\/v2\/pages\/398\/revisions"}],"predecessor-version":[{"id":454,"href":"https:\/\/kappelrodeckwebcam.de\/index.php?rest_route=\/wp\/v2\/pages\/398\/revisions\/454"}],"wp:attachment":[{"href":"https:\/\/kappelrodeckwebcam.de\/index.php?rest_route=%2Fwp%2Fv2%2Fmedia&parent=398"}],"curies":[{"name":"wp","href":"https:\/\/api.w.org\/{rel}","templated":true}]}}